{"id":58,"date":"2020-03-06T16:53:40","date_gmt":"2020-03-06T16:53:40","guid":{"rendered":"https:\/\/www.softest.sk\/?page_id=58"},"modified":"2020-05-12T14:59:24","modified_gmt":"2020-05-12T14:59:24","slug":"o-nas","status":"publish","type":"page","link":"https:\/\/www.softest.sk\/de\/o-nas\/","title":{"rendered":"Team"},"content":{"rendered":"<h2 class=\"wp-block-heading\">Stefan<\/h2>\n\n\n\n<div class=\"wp-block-columns is-layout-flex wp-container-core-columns-is-layout-9d6595d7 wp-block-columns-is-layout-flex\">\n<div class=\"wp-block-column is-layout-flow wp-block-column-is-layout-flow\" style=\"flex-basis:33.33%\">\n<figure class=\"wp-block-image size-large\"><img loading=\"lazy\" decoding=\"async\" width=\"1024\" height=\"863\" src=\"https:\/\/www.softest.sk\/wp-content\/uploads\/2020\/03\/DSC00576_upravena-1-scaled-e1585023241595-1024x863.jpg\" alt=\"\" class=\"wp-image-165\" srcset=\"\" sizes=\"auto, (max-width: 1024px) 100vw, 1024px\" data-srcset=\"\" \/><\/figure>\n<\/div>\n\n\n\n<div class=\"wp-block-column is-layout-flow wp-block-column-is-layout-flow\" style=\"flex-basis:66.66%\">\n<p>Stefan hat 12 Jahre Erfahrung im IT-Bereich, 8 davon direkt im Software Testing. Die letzten 6 Jahre hat er ausschlie\u00dflich an Projekten f\u00fcr Klienten aus der DACH Region gearbeitet. Aktuell kooperiert an einer Implementierung der Bankenregulierung in Wien. Er ist imstande, an jeder Phase der Software Entwicklung teilzunehmen, und das im agilen Umfeld, sowohl mit Wasserfall Modell. Er kann die Rolle eines Test Analytikers, Test Ingenieurs, sowie eines Test Managers besetzen. Er besitzt ein ISTQB Advanced Level \u2013 Test Manager Zertifikat.<\/p>\n<\/div>\n<\/div>\n\n\n\n<h2 class=\"wp-block-heading\">Janka<\/h2>\n\n\n\n<div class=\"wp-block-columns is-layout-flex wp-container-core-columns-is-layout-9d6595d7 wp-block-columns-is-layout-flex\">\n<div class=\"wp-block-column is-layout-flow wp-block-column-is-layout-flow\" style=\"flex-basis:33.33%\">\n<figure class=\"wp-block-image size-large\"><img loading=\"lazy\" decoding=\"async\" width=\"1024\" height=\"863\" src=\"https:\/\/www.softest.sk\/wp-content\/uploads\/2020\/04\/001_DSC00678-scaled-e1586962822306-1024x863.jpg\" alt=\"\" class=\"wp-image-285\" srcset=\"https:\/\/www.softest.sk\/wp-content\/uploads\/2020\/04\/001_DSC00678-scaled-e1586962822306-1024x863.jpg 1024w, https:\/\/www.softest.sk\/wp-content\/uploads\/2020\/04\/001_DSC00678-scaled-e1586962822306-300x253.jpg 300w, https:\/\/www.softest.sk\/wp-content\/uploads\/2020\/04\/001_DSC00678-scaled-e1586962822306-768x647.jpg 768w, https:\/\/www.softest.sk\/wp-content\/uploads\/2020\/04\/001_DSC00678-scaled-e1586962822306.jpg 1184w\" sizes=\"auto, (max-width: 1024px) 100vw, 1024px\" \/><\/figure>\n<\/div>\n\n\n\n<div class=\"wp-block-column is-layout-flow wp-block-column-is-layout-flow\" style=\"flex-basis:66.66%\">\n<p>Janka vertretet die Rolle einer Junior Testerin mit 2 Jahren Erfahrung. Sie hat Sinn f\u00fcrs Detail und hervorragende F\u00e4higkeit die Anforderungen zu analysieren. Au\u00dferdem ist sie in der Firma f\u00fcr Marketing zust\u00e4ndig.<\/p>\n<\/div>\n<\/div>\n\n\n\n<h2 class=\"wp-block-heading\">Externe Mitarbeiter<\/h2>\n\n\n\n<div class=\"wp-block-columns is-layout-flex wp-container-core-columns-is-layout-9d6595d7 wp-block-columns-is-layout-flex\">\n<div class=\"wp-block-column is-layout-flow wp-block-column-is-layout-flow\" style=\"flex-basis:33.33%\">\n<figure class=\"wp-block-image size-large\"><img loading=\"lazy\" decoding=\"async\" width=\"1024\" height=\"683\" src=\"https:\/\/www.softest.sk\/wp-content\/uploads\/2020\/04\/BFSI-Industry-in-The-Future-1024x683.jpg\" alt=\"\" class=\"wp-image-292\"\/><\/figure>\n<\/div>\n\n\n\n<div class=\"wp-block-column is-layout-flow wp-block-column-is-layout-flow\" style=\"flex-basis:66.66%\">\n<p>Falls es zu einem hohen Arbeitsaufkommen kommen sollte, k\u00f6nnen wir unsere erfahrene Kollegen wegen einer tempor\u00e4ren oder langfristigen Aushilfe kontaktieren.<\/p>\n<\/div>\n<\/div>","protected":false},"excerpt":{"rendered":"<p>Pi\u0161ta Pi\u0161ta m\u00e1 12-ro\u010dn\u00e9 sk\u00fasenosti v oblasti IT, z toho 8 rokov priamo v Software Testingu. Ostatn\u00fdch 6 rokov pracuje v\u00fdlu\u010dne na zahrani\u010dn\u00fdch projektoch pre klientov z Rak\u00faska, Nemecka a \u0160vaj\u010diarska. Aktu\u00e1lne spolupracuje na implement\u00e1cii bankov\u00fdch regulat\u00f3rnych po\u017eiadaviek vo Viedni. Je schopn\u00fd podie\u013ea\u0165 sa na v\u00fdvoji softv\u00e9ru v akejko\u013evek f\u00e1ze, v agilnom, aj vodop\u00e1dovom modeli. [&hellip;]<\/p>\n","protected":false},"author":1,"featured_media":0,"parent":0,"menu_order":0,"comment_status":"closed","ping_status":"closed","template":"","meta":{"footnotes":""},"class_list":["post-58","page","type-page","status-publish","hentry"],"_links":{"self":[{"href":"https:\/\/www.softest.sk\/de\/wp-json\/wp\/v2\/pages\/58","targetHints":{"allow":["GET"]}}],"collection":[{"href":"https:\/\/www.softest.sk\/de\/wp-json\/wp\/v2\/pages"}],"about":[{"href":"https:\/\/www.softest.sk\/de\/wp-json\/wp\/v2\/types\/page"}],"author":[{"embeddable":true,"href":"https:\/\/www.softest.sk\/de\/wp-json\/wp\/v2\/users\/1"}],"replies":[{"embeddable":true,"href":"https:\/\/www.softest.sk\/de\/wp-json\/wp\/v2\/comments?post=58"}],"version-history":[{"count":13,"href":"https:\/\/www.softest.sk\/de\/wp-json\/wp\/v2\/pages\/58\/revisions"}],"predecessor-version":[{"id":339,"href":"https:\/\/www.softest.sk\/de\/wp-json\/wp\/v2\/pages\/58\/revisions\/339"}],"wp:attachment":[{"href":"https:\/\/www.softest.sk\/de\/wp-json\/wp\/v2\/media?parent=58"}],"curies":[{"name":"wp","href":"https:\/\/api.w.org\/{rel}","templated":true}]}}