{"id":42,"date":"2020-03-04T15:58:59","date_gmt":"2020-03-04T15:58:59","guid":{"rendered":"https:\/\/www.softest.sk\/?page_id=42"},"modified":"2020-03-24T03:55:30","modified_gmt":"2020-03-24T03:55:30","slug":"manazment-testovania-softveru","status":"publish","type":"page","link":"https:\/\/www.softest.sk\/de\/manazment-testovania-softveru\/","title":{"rendered":"Test Management"},"content":{"rendered":"<p>Sogar in Umgebungen mit sehr f\u00e4higen Test Experten kann eine Situation antreten, wo sich die Qualit\u00e4t und die Software Markteinf\u00fchrung nicht nach den Vorstellungen entwickeln. Projekt oder Produkt versp\u00e4tet sich oder wird nicht im vorgesetzten Budget fertiggestellt. Nat\u00fcrlich, die Ursache kann verschiedensten Abteilungen des Software Entwicklung Management liegen, aber \u00f6fters ist gerade Test Management das, was vernachl\u00e4ssigt wird. Diese Agenda wird h\u00e4ufig zu den Aufgaben eines anderen Managers hinzugef\u00fcgt und wird dann nicht vollwertig vertreten. Dabei kann es sehr leicht passieren, dass inkorrekte oder unt\u00fcchtige Test Planung, falsche Wahl des Test Ansatzes unzureichende, gegebenenfalls zu sp\u00e4te Berichterstattung, eine sehr gro\u00dfe negative Auswirkung auf das ganze Projekt haben.<br>My v Softeste sa v mana\u017emente testovania vyzn\u00e1me a vieme V\u00e1s v \u0148om podpori\u0165. M\u00f4\u017eeme sa pochv\u00e1li\u0165 certifik\u00e1tom ISTQB \u2013 pokro\u010dil\u00fd stupe\u0148 Test mana\u017e\u00e9r.<\/p>\n\n\n\n<p><br>Also was k\u00f6nnen wir im Bereich Test Management anbieten?<\/p>\n\n\n\n<ul class=\"wp-block-list\"><li>Planung der Test Aktivit\u00e4ten<\/li><li>Auswahl der Test Methoden und Instrumenten<\/li><li>Betreuung der Testszenarien und Testf\u00e4llen<\/li><li>Kontinuelle Berichterstattung der Test Aktivit\u00e4ten<\/li><li>vypracovanie testovacej dokument\u00e1cie (test pl\u00e1n, test koncept, z\u00e1vere\u010dn\u00e1 spr\u00e1va\u2026)<\/li><li>Operatives Management des Testteams<\/li><li>konzult\u00e1cia \u201ebest practices\u201c v r\u00e1mci t\u00edmu<\/li><li>Beratung w\u00e4hrend der Testteam Rekrutierung<\/li><\/ul>\n\n\n\n<p><\/p>","protected":false},"excerpt":{"rendered":"<p>Aj v prostred\u00ed s mimoriadne schopn\u00fdmi expertami v testovan\u00ed m\u00f4\u017ee nasta\u0165 situ\u00e1cia, \u017ee sa kvalita a zav\u00e1dzanie softv\u00e9ru na trh nevyv\u00edjaj\u00fa pod\u013ea predst\u00e1v. Projekt alebo produkt sa m\u00f4\u017eu oneskori\u0165 alebo nepodari\u0165 dokon\u010di\u0165 v stanovenom rozpo\u010dte. Samozrejme, \u017ee pr\u00ed\u010diny sa mo\u017eno nach\u00e1dzaj\u00fa v r\u00f4znych odvetviach mana\u017ementu v\u00fdvoja softv\u00e9ru, ale \u010dastokr\u00e1t je pr\u00e1ve mana\u017ement testovania to, na [&hellip;]<\/p>\n","protected":false},"author":1,"featured_media":0,"parent":0,"menu_order":0,"comment_status":"closed","ping_status":"closed","template":"","meta":{"footnotes":""},"class_list":["post-42","page","type-page","status-publish","hentry"],"_links":{"self":[{"href":"https:\/\/www.softest.sk\/de\/wp-json\/wp\/v2\/pages\/42","targetHints":{"allow":["GET"]}}],"collection":[{"href":"https:\/\/www.softest.sk\/de\/wp-json\/wp\/v2\/pages"}],"about":[{"href":"https:\/\/www.softest.sk\/de\/wp-json\/wp\/v2\/types\/page"}],"author":[{"embeddable":true,"href":"https:\/\/www.softest.sk\/de\/wp-json\/wp\/v2\/users\/1"}],"replies":[{"embeddable":true,"href":"https:\/\/www.softest.sk\/de\/wp-json\/wp\/v2\/comments?post=42"}],"version-history":[{"count":8,"href":"https:\/\/www.softest.sk\/de\/wp-json\/wp\/v2\/pages\/42\/revisions"}],"predecessor-version":[{"id":140,"href":"https:\/\/www.softest.sk\/de\/wp-json\/wp\/v2\/pages\/42\/revisions\/140"}],"wp:attachment":[{"href":"https:\/\/www.softest.sk\/de\/wp-json\/wp\/v2\/media?parent=42"}],"curies":[{"name":"wp","href":"https:\/\/api.w.org\/{rel}","templated":true}]}}