{"id":40,"date":"2020-03-04T15:58:38","date_gmt":"2020-03-04T15:58:38","guid":{"rendered":"https:\/\/www.softest.sk\/?page_id=40"},"modified":"2020-09-07T21:16:02","modified_gmt":"2020-09-07T21:16:02","slug":"automatizacia-testovania-softveru","status":"publish","type":"page","link":"https:\/\/www.softest.sk\/de\/automatizacia-testovania-softveru\/","title":{"rendered":"Test Automatisierung"},"content":{"rendered":"<p>Wissen Sie, wie man einen hervorragenden Poker Spieler erkennt? Er ist f\u00e4hig, jede Situation korrekt auszuwerten und die Karten zu schieben, obwohl er zwei Asse in der Hand h\u00e4lt, oder eine Stra\u00dfe auf dem Tisch hat. In bestimmten Momenten lohnt es sich nicht auf solche Karten zu wetten. Wie h\u00e4ngt das mit dem Software Testing und dessen Automatisierung zusammen? Automatisierung im Software Testing ist genauso wie zwei Asse ein gro\u00dfer Trumpf. Allerdings macht es nicht immer Sinn, etwas zu automatisieren. Aber wenn schon, dann kann Softest in jedem Punkt der Implementierung der Test Automatisierung behilflich sein. Besonders in den Umgebungen mit hohen Intervallen der Releases ist es wichtig, schnell und pr\u00e4zis zu testen. Die Test Scripts sollen so fr\u00fch wie m\u00f6glich durchgef\u00fchrt werden, am Besten ohne Notwendigkeit einer menschlichen T\u00e4tigkeit - das Ergebnis sollte nur ein automatisierter Bericht \u00fcber das Test Vorgehen sein. Wir in Softest schaffen das. Aber nat\u00fcrlich k\u00f6nnen wir auch L\u00f6sungen f\u00fcr kleinere, erm\u00fcdendere oder langweilige Test Aufgaben liefern, oder solche, die Kontrolle vieler Eingaben anfordern, oder fehleranf\u00e4lligen. Gleich wie beim manuellen Testing, wir sind f\u00e4hig, sich zu einem bestehenden Team anzuschliessen, aber wir Verf\u00fcgen auch mit einer Infrastruktur, in der wir verschiedene L\u00f6sungsformen entwickeln und integrieren k\u00f6nnen. Es ist selbstverst\u00e4ndlich, dass jedweder Quellenkode dieser L\u00f6sungen Ihnen als dem Auftraggeber geh\u00f6rt. Wir \u00fcbergeben ihn Ihnen und gegebenenfalls machen eine Schulung, damit Sie ihn langfristig benutzen k\u00f6nnen.<\/p>\n\n\n\n<p>\u010co teda v\u00a0r\u00e1mci\nautomatiz\u00e1cie testovania softv\u00e9ru vieme pon\u00faknu\u0165?<\/p>\n\n\n\n<ul class=\"wp-block-list\"><li>Automatiz\u00e1ciu testovania vo v\u0161etk\u00fdch f\u00e1zach (unit, integra\u010dn\u00e9, regresn\u00e9\u2026)<\/li><li>Automatisierung der Web-Applikationen im Framework Selenium mit Java, TestNG, JUnit<\/li><li>Zostavovanie projektov s pou\u017eit\u00edm Maven<\/li><li>Script-Synchronisation und -Management mit Jenkins CI<\/li><li>Automatisierung der Mobile-Applikationen mit Appium (Android, iOS)<\/li><li>Performance Testing<\/li><li>Automatisierung mit Makros Visual Basic<\/li><li>Automatisierung mit Bash Scripts\/ Cron Jobs<\/li><\/ul>\n\n\n\n<p><\/p>","protected":false},"excerpt":{"rendered":"<p>Viete, pod\u013ea \u010doho (okrem in\u00e9ho) spozn\u00e1te skvel\u00e9ho pokrov\u00e9ho hr\u00e1\u010da? Je schopn\u00fd spr\u00e1vne vyhodnoti\u0165 situ\u00e1ciu a\u00a0zlo\u017ei\u0165 karty napriek tomu, \u017ee m\u00e1 na ruke dve es\u00e1 alebo na stole postupku. V\u00a0ist\u00fdch chv\u00ed\u013each sa ani na tak dobr\u00e9 karty stavi\u0165 nevypl\u00e1ca. \u017de \u010do to m\u00e1 spolo\u010dn\u00e9 so softv\u00e9rov\u00fdm testovan\u00edm a\u00a0jeho automatiz\u00e1ciou? Automatiz\u00e1cia v\u00a0testingu je takisto ako dve es\u00e1 [&hellip;]<\/p>\n","protected":false},"author":1,"featured_media":0,"parent":0,"menu_order":0,"comment_status":"closed","ping_status":"closed","template":"page-templates\/no-sidebar.php","meta":{"footnotes":""},"class_list":["post-40","page","type-page","status-publish","hentry"],"_links":{"self":[{"href":"https:\/\/www.softest.sk\/de\/wp-json\/wp\/v2\/pages\/40","targetHints":{"allow":["GET"]}}],"collection":[{"href":"https:\/\/www.softest.sk\/de\/wp-json\/wp\/v2\/pages"}],"about":[{"href":"https:\/\/www.softest.sk\/de\/wp-json\/wp\/v2\/types\/page"}],"author":[{"embeddable":true,"href":"https:\/\/www.softest.sk\/de\/wp-json\/wp\/v2\/users\/1"}],"replies":[{"embeddable":true,"href":"https:\/\/www.softest.sk\/de\/wp-json\/wp\/v2\/comments?post=40"}],"version-history":[{"count":9,"href":"https:\/\/www.softest.sk\/de\/wp-json\/wp\/v2\/pages\/40\/revisions"}],"predecessor-version":[{"id":402,"href":"https:\/\/www.softest.sk\/de\/wp-json\/wp\/v2\/pages\/40\/revisions\/402"}],"wp:attachment":[{"href":"https:\/\/www.softest.sk\/de\/wp-json\/wp\/v2\/media?parent=40"}],"curies":[{"name":"wp","href":"https:\/\/api.w.org\/{rel}","templated":true}]}}