{"id":38,"date":"2020-03-04T15:58:21","date_gmt":"2020-03-04T15:58:21","guid":{"rendered":"https:\/\/www.softest.sk\/?page_id=38"},"modified":"2020-03-24T03:55:59","modified_gmt":"2020-03-24T03:55:59","slug":"testovanie-softveru","status":"publish","type":"page","link":"https:\/\/www.softest.sk\/de\/testovanie-softveru\/","title":{"rendered":"Software Testing"},"content":{"rendered":"<p>\u010ci u\u017e ste jednotlivec so\nskvel\u00fdm n\u00e1padom na \u201cappku\u201d s v\u00fdvoj\u00e1rskymi znalos\u0165ami, startup pracuj\u00faci v malom\nagilnom t\u00edme, alebo ve\u013ek\u00e1 korpor\u00e1cia dizajnuj\u00faca a vyv\u00edjaj\u00faca viacero\nkomplexn\u00fdch aplik\u00e1ci\u00ed, ur\u010dite V\u00e1m z\u00e1le\u017e\u00ed na kvalite v\u00fdsledn\u00e9ho produktu. Z\u00e1vis\u00ed\nod nej spokojnos\u0165 z\u00e1kazn\u00edkov, ktor\u00fdch nebav\u00ed pou\u017e\u00edva\u0165 chybn\u00fd, pr\u00edpadne \u00faplne\nnefunk\u010dn\u00fd program. Tomu sa v\u00a0\u010do najv\u00e4\u010d\u0161ej miere sna\u017e\u00ed zamedzi\u0165 testovanie.\nTo je oblas\u0165, v\u00a0ktorej V\u00e1m vieme pom\u00f4c\u0165. A\u00a0to formou konzulta\u010dn\u00fdch\nslu\u017eieb, ale aj samotnej exek\u00facie softv\u00e9rov\u00fdch testov. Vyzn\u00e1me sa\nv\u00a0agiln\u00fdch aj tradi\u010dn\u00fdch met\u00f3dach, vo v\u0161etk\u00fdch f\u00e1zach, na akejko\u013evek\nplatforme. V\u010faka na\u0161im dlhoro\u010dn\u00fdm sk\u00fasenostiam sme schopn\u00ed V\u00e1m poradi\u0165\na\u00a0pom\u00f4c\u0165 s\u00a0t\u00fdm, ako spr\u00e1vne a\u00a0efekt\u00edvne testova\u0165. Ak si\nv\u00a0t\u00fdchto ot\u00e1zkach neviete rady, Softest je pre V\u00e1s t\u00e1 spr\u00e1vna vo\u013eba. Alebo\nak aj m\u00e1te znalosti tohto typu v\u00a0mal\u00ed\u010dku, ale \u010del\u00edte probl\u00e9mom\ns\u00a0nedostatkom \u010dasu alebo \u013eudsk\u00fdch zdrojov a\u00a0h\u013ead\u00e1te v\u00fdpomoc, \u010di u\u017e\ndo\u010dasne alebo dlhodobo, tie\u017e je pre V\u00e1s Softest t\u00e1 spr\u00e1vna vo\u013eba. Nie je pre n\u00e1s probl\u00e9m\nnav\u0161t\u00edvi\u0165 V\u00e1s a\u00a0pracova\u0165 priamo na mieste vo Va\u0161ich priestoroch. Alebo\nm\u00f4\u017eete da\u0165 prednos\u0165 alternat\u00edve, \u017ee n\u00e1m V\u00e1\u0161 softv\u00e9r po\u0161lete zabezpe\u010den\u00fdm\nspojen\u00edm, my ho nain\u0161talujeme a\u00a0otestujeme u\u00a0n\u00e1s.<\/p>\n\n\n\n<p>\u010co teda v\u00a0r\u00e1mci\ntestovania softv\u00e9ru vieme pon\u00faknu\u0165?<\/p>\n\n\n\n<ul class=\"wp-block-list\"><li>Anal\u00fdzu\npo\u017eiadaviek, tvorbu testovac\u00edch scen\u00e1rov a\u00a0pr\u00edpadov<\/li><li>Durchf\u00fchrung der Unit-, Integration-, Functional- und Akzeptanz-Tests<\/li><li>Test der Web-Applikationen<\/li><li>Test der Desktop-Applikationen<\/li><li>Test\nbackendov\u00fdch a\u00a0datab\u00e1zov\u00fdch aplik\u00e1ci\u00ed<\/li><li>Test der Mobile-Applikationen<\/li><li>Test in den verbreitesten Betriebssystemen: Windows, MacOS, Android, iOS, Linux<\/li><\/ul>\n\n\n\n<p> Einzig die Entwicklung der Software geh\u00f6rt aktuell nicht zu unseren Diensten. Das \u00fcberlassen wir bisweilen den erfahreneren. <\/p>","protected":false},"excerpt":{"rendered":"<p>\u010ci u\u017e ste jednotlivec so skvel\u00fdm n\u00e1padom na \u201cappku\u201d s v\u00fdvoj\u00e1rskymi znalos\u0165ami, startup pracuj\u00faci v malom agilnom t\u00edme, alebo ve\u013ek\u00e1 korpor\u00e1cia dizajnuj\u00faca a vyv\u00edjaj\u00faca viacero komplexn\u00fdch aplik\u00e1ci\u00ed, ur\u010dite V\u00e1m z\u00e1le\u017e\u00ed na kvalite v\u00fdsledn\u00e9ho produktu. Z\u00e1vis\u00ed od nej spokojnos\u0165 z\u00e1kazn\u00edkov, ktor\u00fdch nebav\u00ed pou\u017e\u00edva\u0165 chybn\u00fd, pr\u00edpadne \u00faplne nefunk\u010dn\u00fd program. Tomu sa v\u00a0\u010do najv\u00e4\u010d\u0161ej miere sna\u017e\u00ed zamedzi\u0165 testovanie. [&hellip;]<\/p>\n","protected":false},"author":1,"featured_media":0,"parent":0,"menu_order":1,"comment_status":"closed","ping_status":"closed","template":"page-templates\/no-sidebar.php","meta":{"footnotes":""},"class_list":["post-38","page","type-page","status-publish","hentry"],"_links":{"self":[{"href":"https:\/\/www.softest.sk\/de\/wp-json\/wp\/v2\/pages\/38","targetHints":{"allow":["GET"]}}],"collection":[{"href":"https:\/\/www.softest.sk\/de\/wp-json\/wp\/v2\/pages"}],"about":[{"href":"https:\/\/www.softest.sk\/de\/wp-json\/wp\/v2\/types\/page"}],"author":[{"embeddable":true,"href":"https:\/\/www.softest.sk\/de\/wp-json\/wp\/v2\/users\/1"}],"replies":[{"embeddable":true,"href":"https:\/\/www.softest.sk\/de\/wp-json\/wp\/v2\/comments?post=38"}],"version-history":[{"count":3,"href":"https:\/\/www.softest.sk\/de\/wp-json\/wp\/v2\/pages\/38\/revisions"}],"predecessor-version":[{"id":124,"href":"https:\/\/www.softest.sk\/de\/wp-json\/wp\/v2\/pages\/38\/revisions\/124"}],"wp:attachment":[{"href":"https:\/\/www.softest.sk\/de\/wp-json\/wp\/v2\/media?parent=38"}],"curies":[{"name":"wp","href":"https:\/\/api.w.org\/{rel}","templated":true}]}}